{"id":57,"date":"2023-06-28T11:18:39","date_gmt":"2023-06-28T11:18:39","guid":{"rendered":"https:\/\/bizbergthemes.com\/construction-master\/?page_id=57"},"modified":"2023-09-04T18:27:14","modified_gmt":"2023-09-04T18:27:14","slug":"oferta","status":"publish","type":"page","link":"https:\/\/geoar2.pl\/?page_id=57","title":{"rendered":"OFERTA"},"content":{"rendered":"\t\t<div data-elementor-type=\"wp-page\" data-elementor-id=\"57\" class=\"elementor elementor-57\">\n\t\t\t\t\t\t<section class=\"elementor-section elementor-top-section elementor-element elementor-element-62a0dd1c elementor-section-boxed elementor-section-height-default elementor-section-height-default\" data-id=\"62a0dd1c\" data-element_type=\"section\">\n\t\t\t\t\t\t<div class=\"elementor-container elementor-column-gap-default\">\n\t\t\t\t\t<div class=\"elementor-column elementor-col-100 elementor-top-column elementor-element elementor-element-1fee87fd\" data-id=\"1fee87fd\" data-element_type=\"column\">\n\t\t\t<div class=\"elementor-widget-wrap elementor-element-populated\">\n\t\t\t\t\t\t<div class=\"elementor-element elementor-element-dce429e elementor-widget elementor-widget-text-editor\" data-id=\"dce429e\" data-element_type=\"widget\" data-widget_type=\"text-editor.default\">\n\t\t\t\t<div class=\"elementor-widget-container\">\n\t\t\t\t\t\t\t\t\t<p>Geodezja to nasza wielka mi\u0142o\u015b\u0107. Nasza pasja do tej dziedziny, po\u0142\u0105czona z dog\u0142\u0119bn\u0105 wiedz\u0105 i bogatym do\u015bwiadczeniem oraz wsparciem nowoczesnych technologii, pozwala nam sprawnie i bezb\u0142\u0119dnie wykonywa\u0107 r\u00f3\u017cnorodne projekty geodezyjne. Nasza praktyka licz\u0105ca wiele lat, zestawiona z nowoczesnym, niezawodnym sprz\u0119tem, gwarantuje najwy\u017csz\u0105 jako\u015b\u0107 i precyzj\u0119 naszych us\u0142ug geodezyjnych. Jeste\u015bmy gotowi obs\u0142u\u017cy\u0107 zar\u00f3wno klient\u00f3w indywidualnych, przedsi\u0119biorstwa, jak i instytucje publiczne, oferuj\u0105c pe\u0142en zakres profesjonalnych us\u0142ug geodezyjnych.<\/p><p><strong>Geodezyjna obs\u0142uga inwestycji\/budowy:<\/strong><br \/>Geodezyjna obs\u0142uga procesu budowy to kompleksowy zbi\u00f3r dzia\u0142a\u0144 geodezyjnych, kt\u00f3re towarzysz\u0105 realizacji r\u00f3\u017cnorodnych projekt\u00f3w budowlanych. Rozpoczynamy od stworzenia mapy do cel\u00f3w projektowych, nast\u0119pnie precyzyjnie tyczymy przysz\u0142e obiekty na terenie<br \/>inwestycji, dokonujemy systematycznej inwentaryzacji obiekt\u00f3w budowlanych, kt\u00f3re uwie\u0144czone zostaj\u0105 starannym stworzeniem mapy z inwentaryzacji powykonawczej.<br \/>W zakresie naszych us\u0142ug geodezyjnych znajduj\u0105 si\u0119 r\u00f3\u017cnorodne projekty zwi\u0105zane z budownictwem, budownictwo drogowe, kolejowe, obiekty in\u017cynierii l\u0105dowej, budownictwo liniowe i kubaturowe.<\/p><p>Nasza oferta obejmuje r\u00f3wnie\u017c wsparcie w budowie i monta\u017cu konstrukcji<br \/>stalowych oraz zak\u0142adanie osn\u00f3w realizacyjnych i pomiarowych.<\/p><p><strong>Geodezja in\u017cynieryjna:<\/strong><br \/>Przeprowadzamy precyzyjne pomiary in\u017cynierskie z zakresu:<br \/>\uf02d pomiar\u00f3w tor\u00f3w suwnicowych oraz innych uk\u0142ad\u00f3w torowych,<br \/>\uf02d pomiar\u00f3w mas ziemnych, wykop\u00f3w,<br \/>\uf02d pomiar\u00f3w napowietrznych linii elektroenergetycznych<br \/>\uf02d pomiar\u00f3w przemieszcze\u0144 i odkszta\u0142ce\u0144<br \/>\uf02d pomiar\u00f3w pionowo\u015bci wysmuk\u0142ych budowli wysokich<br \/>\uf02d pomiar\u00f3w pionowo\u015bci szyb\u00f3w windowych<br \/>\uf02d bada\u0144 poziomowo\u015bci posadzek<br \/>\uf02d pomiar\u00f3w kontrolne elewacji<br \/>\uf02d tworzymy mapy i modele numeryczne teren\u00f3w (Skaning 3D)<\/p><p><strong>Mapy do cel\u00f3w projektowych.<\/strong><br \/>Mapa do cel\u00f3w projektowych stanowi nieod\u0142\u0105czny element dokumentacji, niezb\u0119dny przy tworzeniu, budowie, modernizacji i eksploatacji<br \/>obiekt\u00f3w budowlanych, kt\u00f3re wymagaj\u0105 uzyskania pozwolenia na rozpocz\u0119cie prac.<\/p><p><strong>Geodezyjna inwentaryzacja powykonawcza obiekt\u00f3w budowlanych<\/strong><br \/>Ko\u0144cowym elementem procesu inwestycyjnego jest inwentaryzacja powykonawcza, kt\u00f3ra zgodnie z przepisami prawa, jest obowi\u0105zkowa dla wszystkich obiekt\u00f3w budowlanych, niezale\u017cnie od tego, czy wymagaj\u0105 one pozwolenia na budow\u0119.<br \/>W szczeg\u00f3lno\u015bci dotyczy to budynk\u00f3w oraz wszelkiej infrastruktury, a tak\u017ce sieci podziemnych instalacji, na kt\u00f3re k\u0142adziemy wyj\u0105tkow\u0105 uwag\u0119, gdy\u017c zgodnie z postanowieniami art. 43 pkt. 3 Prawa Budowlanego, nak\u0142ada on obowi\u0105zek przeprowadzenia geodezyjnej inwentaryzacji powykonawczej w otwartym wykopie.<\/p><p><strong>Wyznaczenie obiekt\u00f3w budowlanych na gruncie<\/strong><br \/>Tyczenie obiekt\u00f3w budowlanych w procesie budowy, polega na fizycznym wyznaczeniu w terenie lub na istniej\u0105cych elementach infrastruktury miejsc, kt\u00f3re s\u0105 obj\u0119te projektem budowlanym. Wytyczane s\u0105 g\u0142\u00f3wne osie konstrukcyjne oraz inne charakterystyczne punkty.<br \/>Podczas prac budowlanych, szczeg\u00f3lnie w przypadku projekt\u00f3w bardziej skomplikowanych i du\u017cych, przeprowadzamy regularne pomiary kontrolne. Pozwalaj\u0105 one na osi\u0105gni\u0119cie najwy\u017cszej precyzji wykonania, co wp\u0142ywa na zachowanie geometrycznej sp\u00f3jno\u015bci budowanego obiektu.<\/p><p class=\"p1\"><b>Podzia\u0142 nieruchomo\u015bci<\/b><\/p><p class=\"p1\">Podzia\u0142 nieruchomo\u015bci jest procedur\u0105 skomplikowan\u0105 i czasoch\u0142onn\u0105. Serdecznie zapraszamy do skontaktowania si\u0119 z nami, aby\u015bmy mogli porozmawia\u0107 o ewentualnych szczeg\u00f3\u0142ach i ustali\u0107 plan dzia\u0142ania.<\/p><p class=\"p1\"><b>Odszukanie znak\u00f3w granicznych, wznowienie znak\u00f3w granicznych, wyznaczenie nowych punkt\u00f3w granicznych<\/b><\/p><p class=\"p1\">W zale\u017cno\u015bci od specyfiki sprawy oraz dost\u0119pnych dokument\u00f3w, czasami wystarcza us\u0142uga <b>odszukania<\/b> znak\u00f3w granicznych. Ta pomoc mo\u017ce by\u0107 niezb\u0119dna w sytuacji, gdy w\u0142a\u015bciciel nieruchomo\u015bci ma \u015bwiadomo\u015b\u0107, \u017ce znaki graniczne istniej\u0105, ale sam nie jest w stanie ich zlokalizowa\u0107.<\/p><p class=\"p1\">Odr\u0119bnym zakresem prac jest <b>wznowienie znak\u00f3w granicznych<\/b>. To niezb\u0119dne, gdy nast\u0105pi\u0142o ich przemieszczanie, uszkodzenie lub zniszczenie, pod warunkiem, \u017ce posiadamy odpowiednie dokumenty pozyskane z Pa\u0144stwowego Zasobu Geodezyjnego i Kartograficznego (PZGiK), kt\u00f3re pozwalaj\u0105 nam precyzyjnie okre\u015bli\u0107 ich pierwotne po\u0142o\u017cenie.<\/p><p class=\"p1\">Dokonanie<b> wyznaczenia nowych punkt\u00f3w granicznych<\/b> i ich stabilizacja znakami granicznymi przed wydaniem prawomocnej decyzji zatwierdzaj\u0105cej podzia\u0142, jest czynno\u015bci\u0105<b> niezgodn\u0105 z przepisami prawa.<\/b><\/p><p class=\"p1\">Wyznaczenie i stabilizacj\u0119 nowych punkt\u00f3w granicznych znakami granicznymi, dokonuje si\u0119 na wniosek w\u0142a\u015bciciela nieruchomo\u015bci. Czynno\u015bci te nie s\u0105 wykonywane w ramach podzia\u0142u nieruchomo\u015bci, tylko dopiero po jego zako\u0144czeniu, jako odr\u0119bn\u0105 prac\u0119 geodezyjn\u0105, zg\u0142aszan\u0105 do PZGiK.<span class=\"Apple-converted-space\">\u00a0<\/span><\/p><p class=\"p1\"><b>Skanowanie 3D<\/b><\/p><p class=\"p1\">Modele 3D powoli wkraczaj\u0105 w wiele bran\u017c, nie ograniczamy si\u0119 tylko do geodezji. Przeprowadzamy inwentaryzacje lokali, mieszka\u0144 czy dom\u00f3w, inwentaryzacje architektoniczno-budowlane, tworzymy numeryczny modelu terenu, wykonujemy precyzyjne pomiary obj\u0119to\u015bci sk\u0142adowisk ha\u0142d kruszyw, wyrobisk.<\/p>\t\t\t\t\t\t\t\t<\/div>\n\t\t\t\t<\/div>\n\t\t\t\t\t<\/div>\n\t\t<\/div>\n\t\t\t\t\t<\/div>\n\t\t<\/section>\n\t\t\t\t<\/div>\n\t\t","protected":false},"excerpt":{"rendered":"<p>Geodezja to nasza wielka mi\u0142o\u015b\u0107. Nasza pasja do tej dziedziny, po\u0142\u0105czona z dog\u0142\u0119bn\u0105 wiedz\u0105 i bogatym do\u015bwiadczeniem oraz wsparciem nowoczesnych technologii, pozwala nam sprawnie i bezb\u0142\u0119dnie wykonywa\u0107 r\u00f3\u017cnorodne projekty geodezyjne. Nasza praktyka licz\u0105ca wiele lat, zestawiona z nowoczesnym, niezawodnym sprz\u0119tem, gwarantuje najwy\u017csz\u0105 jako\u015b\u0107 i precyzj\u0119 naszych us\u0142ug geodezyjnych. Jeste\u015bmy gotowi obs\u0142u\u017cy\u0107 zar\u00f3wno klient\u00f3w indywidualnych, przedsi\u0119biorstwa, jak i instytucje publiczne, oferuj\u0105c&#8230;<\/p>\n","protected":false},"author":1,"featured_media":0,"parent":0,"menu_order":0,"comment_status":"closed","ping_status":"closed","template":"","meta":{"footnotes":""},"class_list":["post-57","page","type-page","status-publish","hentry"],"_links":{"self":[{"href":"https:\/\/geoar2.pl\/index.php?rest_route=\/wp\/v2\/pages\/57","targetHints":{"allow":["GET"]}}],"collection":[{"href":"https:\/\/geoar2.pl\/index.php?rest_route=\/wp\/v2\/pages"}],"about":[{"href":"https:\/\/geoar2.pl\/index.php?rest_route=\/wp\/v2\/types\/page"}],"author":[{"embeddable":true,"href":"https:\/\/geoar2.pl\/index.php?rest_route=\/wp\/v2\/users\/1"}],"replies":[{"embeddable":true,"href":"https:\/\/geoar2.pl\/index.php?rest_route=%2Fwp%2Fv2%2Fcomments&post=57"}],"version-history":[{"count":10,"href":"https:\/\/geoar2.pl\/index.php?rest_route=\/wp\/v2\/pages\/57\/revisions"}],"predecessor-version":[{"id":350,"href":"https:\/\/geoar2.pl\/index.php?rest_route=\/wp\/v2\/pages\/57\/revisions\/350"}],"wp:attachment":[{"href":"https:\/\/geoar2.pl\/index.php?rest_route=%2Fwp%2Fv2%2Fmedia&parent=57"}],"curies":[{"name":"wp","href":"https:\/\/api.w.org\/{rel}","templated":true}]}}