{"id":55,"date":"2023-06-28T11:17:58","date_gmt":"2023-06-28T11:17:58","guid":{"rendered":"https:\/\/bizbergthemes.com\/construction-master\/?page_id=55"},"modified":"2023-09-04T18:34:03","modified_gmt":"2023-09-04T18:34:03","slug":"ofirmie","status":"publish","type":"page","link":"https:\/\/geoar2.pl\/?page_id=55","title":{"rendered":"O FIRMIE"},"content":{"rendered":"\t\t<div data-elementor-type=\"wp-page\" data-elementor-id=\"55\" class=\"elementor elementor-55\">\n\t\t\t\t\t\t<section class=\"elementor-section elementor-top-section elementor-element elementor-element-486f1915 elementor-section-boxed elementor-section-height-default elementor-section-height-default\" data-id=\"486f1915\" data-element_type=\"section\">\n\t\t\t\t\t\t<div class=\"elementor-container elementor-column-gap-default\">\n\t\t\t\t\t<div class=\"elementor-column elementor-col-100 elementor-top-column elementor-element elementor-element-2378567\" data-id=\"2378567\" data-element_type=\"column\">\n\t\t\t<div class=\"elementor-widget-wrap elementor-element-populated\">\n\t\t\t\t\t\t<div class=\"elementor-element elementor-element-2c6ef73c elementor-widget elementor-widget-text-editor\" data-id=\"2c6ef73c\" data-element_type=\"widget\" data-widget_type=\"text-editor.default\">\n\t\t\t\t<div class=\"elementor-widget-container\">\n\t\t\t\t\t\t\t\t\t<p>Rozpocz\u0119cie naszej firmy w erze nowoczesnej si\u0119ga roku 1995, kiedy to m\u00f3j ojciec zainaugurowa\u0142 dzia\u0142alno\u015b\u0107 gospodarcz\u0105 w dziedzinie geodezji, b\u0119d\u0105c ju\u017c do\u015bwiadczonym geodet\u0105.<br \/>Jego pasja do geodezji i kartografii si\u0119ga roku 1954, kiedy to rozpocz\u0105\u0142 swoj\u0105 nauk\u0119 jako pomocnik geodety. W miar\u0119 zdobywania wiedzy, do\u015bwiadczenia oraz odkrywania swojego powo\u0142ania w tej dziedzinie, tworzy\u0142 rzeczy, kt\u00f3re wyr\u00f3\u017cnia\u0142y go spo\u015br\u00f3d innych.<br \/>W okresie przed rokiem 1989, kiedy to istnia\u0142a pa\u0144stwowa s\u0142u\u017cba geodezyjna i kartograficzna, zajmowa\u0142 si\u0119 zak\u0142adaniem triangulacyjnej osnowy 1 i 2 klasy na obszarze ca\u0142ego kraju. By\u0142 pracownikiem cywilnym odpowiedzialnym za pomiary i tworzenie wojskowych map topograficznych w skalach 1:10000-1:50000 na terenach dzisiejszego wojew\u00f3dztwa warmi\u0144sko-mazurskiego, pomorskiego oraz dolnego<br \/>\u015bl\u0105ska. W trakcie swojej kariery specjalizowa\u0142 si\u0119 w geodezji in\u017cynieryjnej, klasycznej i prawnej, przeprowadza\u0142 kompleksowe pomiary miast i wsi, tworz\u0105c mapy zasadnicze, kt\u00f3rych jeszcze wiele lat po wojnie nie by\u0142o, a kt\u00f3re by\u0142y niezb\u0119dne.<br \/>Moje pierwsze kroki w geodezji by\u0142y zwi\u0105zane z tradycjami rodzinnymi, rozpocz\u0105\u0142em ju\u017c w szkole podstawowej jako ma\u0142y asystent mojego ojca. Ta wsp\u00f3\u0142praca trwa\u0142a do roku 2015, kiedy to przej\u0105\u0142em obowi\u0105zki i dzia\u0142alno\u015b\u0107, staj\u0105c si\u0119 bezpo\u015brednim spadkobierc\u0105 wiedzy i do\u015bwiadczenia.<br \/>Nasza firma wyr\u00f3\u017cnia si\u0119 na tle konkurencji dzi\u0119ki wielkiemu naciskowi na precyzj\u0119 w realizacji projekt\u00f3w, pe\u0142nemu przestrzeganiu obowi\u0105zuj\u0105cych przepis\u00f3w oraz terminowej realizacji zlece\u0144. Moje rozleg\u0142e do\u015bwiadczenie w dziedzinie us\u0142ug geodezyjnych pozwala nam<br \/>obs\u0142ugiwa\u0107 zar\u00f3wno klient\u00f3w indywidualnych, firmy, jak i instytucje publiczne oraz przedsi\u0119biorstwa pa\u0144stwowe. Specjalizujemy si\u0119 w kompleksowej obs\u0142udze geodezyjnej inwestycji budowlanych, tworzeniu map do cel\u00f3w s\u0105dowych i prawnych oraz niezwykle skomplikowanych projektach geodezyjnych, w tym tak\u017ce w geodezji kolejowej.<br \/>Z tej strony mgr in\u017c. Remigiusz Rybak, absolwent Politechniki Pozna\u0144skiej o specjalizacjach w dziedzinie elektrotechniki oraz absolwent UAM o specjalizacji w dziedzinie geodezji i kartografii, cz\u0142onek zarz\u0105du Stowarzyszenia Geodet\u00f3w Polskich o. w Poznaniu, entuzjasta nowinek technicznych oraz bada\u0144 naukowych z zakresu geodezji i przetwarzania obrazu.<\/p>\t\t\t\t\t\t\t\t<\/div>\n\t\t\t\t<\/div>\n\t\t\t\t\t<\/div>\n\t\t<\/div>\n\t\t\t\t\t<\/div>\n\t\t<\/section>\n\t\t\t\t<section class=\"elementor-section elementor-top-section elementor-element elementor-element-7e5c1d6 elementor-section-boxed elementor-section-height-default elementor-section-height-default\" data-id=\"7e5c1d6\" data-element_type=\"section\">\n\t\t\t\t\t\t<div class=\"elementor-container elementor-column-gap-default\">\n\t\t\t\t\t<div class=\"elementor-column elementor-col-100 elementor-top-column elementor-element elementor-element-6726183\" data-id=\"6726183\" data-element_type=\"column\">\n\t\t\t<div class=\"elementor-widget-wrap elementor-element-populated\">\n\t\t\t\t\t\t<div class=\"elementor-element elementor-element-d2e6912 elementor-arrows-position-outside elementor-pagination-position-outside elementor-invisible elementor-widget elementor-widget-image-carousel\" data-id=\"d2e6912\" data-element_type=\"widget\" data-settings=\"{&quot;_animation&quot;:&quot;rollIn&quot;,&quot;navigation&quot;:&quot;both&quot;,&quot;autoplay&quot;:&quot;yes&quot;,&quot;pause_on_hover&quot;:&quot;yes&quot;,&quot;pause_on_interaction&quot;:&quot;yes&quot;,&quot;autoplay_speed&quot;:5000,&quot;infinite&quot;:&quot;yes&quot;,&quot;speed&quot;:500}\" data-widget_type=\"image-carousel.default\">\n\t\t\t\t<div class=\"elementor-widget-container\">\n\t\t\t\t\t\t\t<div class=\"elementor-image-carousel-wrapper swiper\" role=\"region\" aria-roledescription=\"carousel\" aria-label=\"Karuzela obrazk\u00f3w\" dir=\"ltr\">\n\t\t\t<div class=\"elementor-image-carousel swiper-wrapper\" aria-live=\"off\">\n\t\t\t\t\t\t\t\t<div class=\"swiper-slide\" role=\"group\" aria-roledescription=\"slide\" aria-label=\"1 z 3\"><figure class=\"swiper-slide-inner\"><img decoding=\"async\" class=\"swiper-slide-image\" src=\"https:\/\/geoar2.pl\/wp-content\/uploads\/2023\/09\/2-scaled.jpg\" alt=\"2\" \/><\/figure><\/div><div class=\"swiper-slide\" role=\"group\" aria-roledescription=\"slide\" aria-label=\"2 z 3\"><figure class=\"swiper-slide-inner\"><img decoding=\"async\" class=\"swiper-slide-image\" src=\"https:\/\/geoar2.pl\/wp-content\/uploads\/2023\/09\/1-scaled.jpg\" alt=\"1\" \/><\/figure><\/div><div class=\"swiper-slide\" role=\"group\" aria-roledescription=\"slide\" aria-label=\"3 z 3\"><figure class=\"swiper-slide-inner\"><img decoding=\"async\" class=\"swiper-slide-image\" src=\"https:\/\/geoar2.pl\/wp-content\/uploads\/2023\/09\/3-scaled.jpg\" alt=\"3\" \/><\/figure><\/div>\t\t\t<\/div>\n\t\t\t\t\t\t\t\t\t\t\t\t<div class=\"elementor-swiper-button elementor-swiper-button-prev\" role=\"button\" tabindex=\"0\">\n\t\t\t\t\t\t<i aria-hidden=\"true\" class=\"eicon-chevron-left\"><\/i>\t\t\t\t\t<\/div>\n\t\t\t\t\t<div class=\"elementor-swiper-button elementor-swiper-button-next\" role=\"button\" tabindex=\"0\">\n\t\t\t\t\t\t<i aria-hidden=\"true\" class=\"eicon-chevron-right\"><\/i>\t\t\t\t\t<\/div>\n\t\t\t\t\n\t\t\t\t\t\t\t\t\t<div class=\"swiper-pagination\"><\/div>\n\t\t\t\t\t\t\t\t\t<\/div>\n\t\t\t\t\t\t<\/div>\n\t\t\t\t<\/div>\n\t\t\t\t\t<\/div>\n\t\t<\/div>\n\t\t\t\t\t<\/div>\n\t\t<\/section>\n\t\t\t\t<\/div>\n\t\t","protected":false},"excerpt":{"rendered":"<p>Rozpocz\u0119cie naszej firmy w erze nowoczesnej si\u0119ga roku 1995, kiedy to m\u00f3j ojciec zainaugurowa\u0142 dzia\u0142alno\u015b\u0107 gospodarcz\u0105 w dziedzinie geodezji, b\u0119d\u0105c ju\u017c do\u015bwiadczonym geodet\u0105.Jego pasja do geodezji i kartografii si\u0119ga roku 1954, kiedy to rozpocz\u0105\u0142 swoj\u0105 nauk\u0119 jako pomocnik geodety. W miar\u0119 zdobywania wiedzy, do\u015bwiadczenia oraz odkrywania swojego powo\u0142ania w tej dziedzinie, tworzy\u0142 rzeczy, kt\u00f3re wyr\u00f3\u017cnia\u0142y go spo\u015br\u00f3d innych.W okresie przed&#8230;<\/p>\n","protected":false},"author":1,"featured_media":0,"parent":0,"menu_order":0,"comment_status":"closed","ping_status":"closed","template":"","meta":{"footnotes":""},"class_list":["post-55","page","type-page","status-publish","hentry"],"_links":{"self":[{"href":"https:\/\/geoar2.pl\/index.php?rest_route=\/wp\/v2\/pages\/55","targetHints":{"allow":["GET"]}}],"collection":[{"href":"https:\/\/geoar2.pl\/index.php?rest_route=\/wp\/v2\/pages"}],"about":[{"href":"https:\/\/geoar2.pl\/index.php?rest_route=\/wp\/v2\/types\/page"}],"author":[{"embeddable":true,"href":"https:\/\/geoar2.pl\/index.php?rest_route=\/wp\/v2\/users\/1"}],"replies":[{"embeddable":true,"href":"https:\/\/geoar2.pl\/index.php?rest_route=%2Fwp%2Fv2%2Fcomments&post=55"}],"version-history":[{"count":21,"href":"https:\/\/geoar2.pl\/index.php?rest_route=\/wp\/v2\/pages\/55\/revisions"}],"predecessor-version":[{"id":367,"href":"https:\/\/geoar2.pl\/index.php?rest_route=\/wp\/v2\/pages\/55\/revisions\/367"}],"wp:attachment":[{"href":"https:\/\/geoar2.pl\/index.php?rest_route=%2Fwp%2Fv2%2Fmedia&parent=55"}],"curies":[{"name":"wp","href":"https:\/\/api.w.org\/{rel}","templated":true}]}}