{"id":545,"date":"2024-02-02T17:01:11","date_gmt":"2024-02-02T17:01:11","guid":{"rendered":"https:\/\/geoar2.pl\/?page_id=545"},"modified":"2024-02-07T11:43:00","modified_gmt":"2024-02-07T11:43:00","slug":"podzial-nieruchomosci","status":"publish","type":"page","link":"https:\/\/geoar2.pl\/?page_id=545","title":{"rendered":"Podzia\u0142 nieruchomo\u015bci"},"content":{"rendered":"\n<p>Podzia\u0142 nieruchomo\u015bci jest procedur\u0105 indywidualn\u0105, zazwyczaj skomplikowan\u0105 i z uwagi na nieprzyjazn\u0105 liter\u0119 prawa -czasoch\u0142onn\u0105.<br>Procedura podzia\u0142u nieruchomo\u015bci zako\u0144czona jest:<br>\u2212 wydaniem niezb\u0119dnej dokumentacji dla zleceniodawcy, po\u015bwiadczonej przez w\u0142a\u015bciwy miejscowo organ s\u0142u\u017cby geodezyjnej, w celu wydania prawomocnej decyzji zatwierdzaj\u0105cej podzia\u0142 nieruchomo\u015bci, w przypadku podzia\u0142\u00f3w przeprowadzanych na podstawie ustawy o gospodarce nieruchomo\u015bciami,<br>\u2212 ujawnieniem nowej(ych) (podzielonej(ych)) dzia\u0142ki(ek) ewidencyjnej(ych) w EGiB, w przypadku podzia\u0142\u00f3w przeprowadzanych w tzw. \u201etrybie rolnym\u201d.<br>Uwaga! Stabilizacja nowych granic (wkopanie kamieni granicznych), jest osobn\u0105 czynno\u015bci\u0105 \u2013 zleceniem, niezwi\u0105zana z powy\u017csz\u0105 procedur\u0105, a kt\u00f3ra nast\u0105pi\u0107 mo\u017ce z inicjatywy i na koszt zainteresowanych podmiot\u00f3w.<br>Dokonanie wyznaczenia nowych punkt\u00f3w granicznych i ich stabilizacja znakami granicznymi przed wydaniem prawomocnej decyzji zatwierdzaj\u0105cej podzia\u0142, jest czynno\u015bci\u0105 niezgodn\u0105 z przepisami prawa.<\/p>\n\n\n\n<figure class=\"wp-block-image size-large\"><img fetchpriority=\"high\" decoding=\"async\" width=\"1024\" height=\"576\" src=\"http:\/\/geoar2.pl\/wp-content\/uploads\/2024\/02\/podzial_nieruchomosci-1024x576.png\" alt=\"\" class=\"wp-image-602\" srcset=\"https:\/\/geoar2.pl\/wp-content\/uploads\/2024\/02\/podzial_nieruchomosci-1024x576.png 1024w, https:\/\/geoar2.pl\/wp-content\/uploads\/2024\/02\/podzial_nieruchomosci-300x169.png 300w, https:\/\/geoar2.pl\/wp-content\/uploads\/2024\/02\/podzial_nieruchomosci-768x432.png 768w, https:\/\/geoar2.pl\/wp-content\/uploads\/2024\/02\/podzial_nieruchomosci-1536x864.png 1536w, https:\/\/geoar2.pl\/wp-content\/uploads\/2024\/02\/podzial_nieruchomosci.png 1920w\" sizes=\"(max-width: 1024px) 100vw, 1024px\" \/><\/figure>\n","protected":false},"excerpt":{"rendered":"<p>Podzia\u0142 nieruchomo\u015bci jest procedur\u0105 indywidualn\u0105, zazwyczaj skomplikowan\u0105 i z uwagi na nieprzyjazn\u0105 liter\u0119 prawa -czasoch\u0142onn\u0105.Procedura podzia\u0142u nieruchomo\u015bci zako\u0144czona jest:\u2212 wydaniem niezb\u0119dnej dokumentacji dla zleceniodawcy, po\u015bwiadczonej przez w\u0142a\u015bciwy miejscowo organ s\u0142u\u017cby geodezyjnej, w celu wydania prawomocnej decyzji zatwierdzaj\u0105cej podzia\u0142 nieruchomo\u015bci, w przypadku podzia\u0142\u00f3w przeprowadzanych na podstawie ustawy o gospodarce nieruchomo\u015bciami,\u2212 ujawnieniem nowej(ych) (podzielonej(ych)) dzia\u0142ki(ek) ewidencyjnej(ych) w EGiB, w przypadku podzia\u0142\u00f3w przeprowadzanych&#8230;<\/p>\n","protected":false},"author":1,"featured_media":0,"parent":0,"menu_order":0,"comment_status":"closed","ping_status":"closed","template":"","meta":{"footnotes":""},"class_list":["post-545","page","type-page","status-publish","hentry"],"_links":{"self":[{"href":"https:\/\/geoar2.pl\/index.php?rest_route=\/wp\/v2\/pages\/545","targetHints":{"allow":["GET"]}}],"collection":[{"href":"https:\/\/geoar2.pl\/index.php?rest_route=\/wp\/v2\/pages"}],"about":[{"href":"https:\/\/geoar2.pl\/index.php?rest_route=\/wp\/v2\/types\/page"}],"author":[{"embeddable":true,"href":"https:\/\/geoar2.pl\/index.php?rest_route=\/wp\/v2\/users\/1"}],"replies":[{"embeddable":true,"href":"https:\/\/geoar2.pl\/index.php?rest_route=%2Fwp%2Fv2%2Fcomments&post=545"}],"version-history":[{"count":2,"href":"https:\/\/geoar2.pl\/index.php?rest_route=\/wp\/v2\/pages\/545\/revisions"}],"predecessor-version":[{"id":603,"href":"https:\/\/geoar2.pl\/index.php?rest_route=\/wp\/v2\/pages\/545\/revisions\/603"}],"wp:attachment":[{"href":"https:\/\/geoar2.pl\/index.php?rest_route=%2Fwp%2Fv2%2Fmedia&parent=545"}],"curies":[{"name":"wp","href":"https:\/\/api.w.org\/{rel}","templated":true}]}}