{"id":542,"date":"2024-02-02T16:58:12","date_gmt":"2024-02-02T16:58:12","guid":{"rendered":"https:\/\/geoar2.pl\/?page_id=542"},"modified":"2024-02-07T11:39:03","modified_gmt":"2024-02-07T11:39:03","slug":"geodezyjna-obsluga-inwestycji-i-budowy","status":"publish","type":"page","link":"https:\/\/geoar2.pl\/?page_id=542","title":{"rendered":"Geodezyjna obs\u0142uga inwestycji i budowy"},"content":{"rendered":"\n<p>Geodezyjna obs\u0142uga procesu budowy to kompleksowy zbi\u00f3r dzia\u0142a\u0144 geodezyjnych, kt\u00f3re towarzysz\u0105 realizacji r\u00f3\u017cnorodnych projekt\u00f3w budowlanych. Rozpoczynamy od stworzenia mapy do cel\u00f3w projektowych, nast\u0119pnie precyzyjnie tyczymy przysz\u0142e obiekty na terenie inwestycji, dokonujemy systematycznej inwentaryzacji obiekt\u00f3w budowlanych, kt\u00f3re uwie\u0144czone zostaj\u0105 starann\u0105 i dok\u0142adn\u0105 map\u0105 z inwentaryzacji powykonawczej.<br>W zakresie naszych us\u0142ug geodezyjnych znajduj\u0105 si\u0119 r\u00f3\u017cnorodne projekty zwi\u0105zane z budownictwem og\u00f3lnym, budownictwem drogowym, kolejowym, obiektami in\u017cynierii l\u0105dowej, budownictwem liniowym i kubaturowym.<br>Nasza oferta obejmuje r\u00f3wnie\u017c wsparcie w budowie i monta\u017cu konstrukcji stalowych, zak\u0142adanie osn\u00f3w geodezyjnych i kontrolnych.<\/p>\n\n\n\n<figure class=\"wp-block-image size-large\"><img fetchpriority=\"high\" decoding=\"async\" width=\"1024\" height=\"576\" src=\"http:\/\/geoar2.pl\/wp-content\/uploads\/2024\/02\/obsluga_inwestycji_v2-1024x576.png\" alt=\"\" class=\"wp-image-543\" srcset=\"https:\/\/geoar2.pl\/wp-content\/uploads\/2024\/02\/obsluga_inwestycji_v2-1024x576.png 1024w, https:\/\/geoar2.pl\/wp-content\/uploads\/2024\/02\/obsluga_inwestycji_v2-300x169.png 300w, https:\/\/geoar2.pl\/wp-content\/uploads\/2024\/02\/obsluga_inwestycji_v2-768x432.png 768w, https:\/\/geoar2.pl\/wp-content\/uploads\/2024\/02\/obsluga_inwestycji_v2-1536x864.png 1536w, https:\/\/geoar2.pl\/wp-content\/uploads\/2024\/02\/obsluga_inwestycji_v2.png 1920w\" sizes=\"(max-width: 1024px) 100vw, 1024px\" \/><\/figure>\n\n\n\n<figure class=\"wp-block-image size-large\"><img decoding=\"async\" width=\"1024\" height=\"576\" src=\"http:\/\/geoar2.pl\/wp-content\/uploads\/2024\/02\/obsluga_inwestycji_v3-1024x576.png\" alt=\"\" class=\"wp-image-596\" srcset=\"https:\/\/geoar2.pl\/wp-content\/uploads\/2024\/02\/obsluga_inwestycji_v3-1024x576.png 1024w, https:\/\/geoar2.pl\/wp-content\/uploads\/2024\/02\/obsluga_inwestycji_v3-300x169.png 300w, https:\/\/geoar2.pl\/wp-content\/uploads\/2024\/02\/obsluga_inwestycji_v3-768x432.png 768w, https:\/\/geoar2.pl\/wp-content\/uploads\/2024\/02\/obsluga_inwestycji_v3-1536x864.png 1536w, https:\/\/geoar2.pl\/wp-content\/uploads\/2024\/02\/obsluga_inwestycji_v3.png 1920w\" sizes=\"(max-width: 1024px) 100vw, 1024px\" \/><\/figure>\n","protected":false},"excerpt":{"rendered":"<p>Geodezyjna obs\u0142uga procesu budowy to kompleksowy zbi\u00f3r dzia\u0142a\u0144 geodezyjnych, kt\u00f3re towarzysz\u0105 realizacji r\u00f3\u017cnorodnych projekt\u00f3w budowlanych. Rozpoczynamy od stworzenia mapy do cel\u00f3w projektowych, nast\u0119pnie precyzyjnie tyczymy przysz\u0142e obiekty na terenie inwestycji, dokonujemy systematycznej inwentaryzacji obiekt\u00f3w budowlanych, kt\u00f3re uwie\u0144czone zostaj\u0105 starann\u0105 i dok\u0142adn\u0105 map\u0105 z inwentaryzacji powykonawczej.W zakresie naszych us\u0142ug geodezyjnych znajduj\u0105 si\u0119 r\u00f3\u017cnorodne projekty zwi\u0105zane z budownictwem og\u00f3lnym, budownictwem drogowym, kolejowym,&#8230;<\/p>\n","protected":false},"author":1,"featured_media":0,"parent":0,"menu_order":0,"comment_status":"closed","ping_status":"closed","template":"","meta":{"footnotes":""},"class_list":["post-542","page","type-page","status-publish","hentry"],"_links":{"self":[{"href":"https:\/\/geoar2.pl\/index.php?rest_route=\/wp\/v2\/pages\/542","targetHints":{"allow":["GET"]}}],"collection":[{"href":"https:\/\/geoar2.pl\/index.php?rest_route=\/wp\/v2\/pages"}],"about":[{"href":"https:\/\/geoar2.pl\/index.php?rest_route=\/wp\/v2\/types\/page"}],"author":[{"embeddable":true,"href":"https:\/\/geoar2.pl\/index.php?rest_route=\/wp\/v2\/users\/1"}],"replies":[{"embeddable":true,"href":"https:\/\/geoar2.pl\/index.php?rest_route=%2Fwp%2Fv2%2Fcomments&post=542"}],"version-history":[{"count":3,"href":"https:\/\/geoar2.pl\/index.php?rest_route=\/wp\/v2\/pages\/542\/revisions"}],"predecessor-version":[{"id":597,"href":"https:\/\/geoar2.pl\/index.php?rest_route=\/wp\/v2\/pages\/542\/revisions\/597"}],"wp:attachment":[{"href":"https:\/\/geoar2.pl\/index.php?rest_route=%2Fwp%2Fv2%2Fmedia&parent=542"}],"curies":[{"name":"wp","href":"https:\/\/api.w.org\/{rel}","templated":true}]}}