{"id":539,"date":"2024-02-02T16:55:22","date_gmt":"2024-02-02T16:55:22","guid":{"rendered":"https:\/\/geoar2.pl\/?page_id=539"},"modified":"2024-02-07T11:32:44","modified_gmt":"2024-02-07T11:32:44","slug":"geodezyjna-inwentaryzacja-obiektow-budowlanych","status":"publish","type":"page","link":"https:\/\/geoar2.pl\/?page_id=539","title":{"rendered":"Geodezyjna inwentaryzacja obiekt\u00f3w budowlanych"},"content":{"rendered":"\n<p>Ko\u0144cowym elementem procesu inwestycyjnego jest inwentaryzacja powykonawcza, kt\u00f3ra zgodnie z przepisami prawa, jest obowi\u0105zkowa dla wszystkich nowych czy zmodernizowanych obiekt\u00f3w budowlanych, niezale\u017cnie od tego, czy wymagaj\u0105 one pozwolenia na budow\u0119.<br>W szczeg\u00f3lno\u015bci dotyczy to budynk\u00f3w oraz wszelkiej infrastruktury naziemnej i nadziemnej, a tak\u017ce sieci podziemnych instalacji, przy kt\u00f3rych k\u0142adziemy wyj\u0105tkow\u0105 uwag\u0119, gdy\u017c zgodnie z postanowieniami art. 43 pkt. 3 Prawa Budowlanego, nak\u0142ada on obowi\u0105zek przeprowadzenia geodezyjnej inwentaryzacji powykonawczej w otwartym wykopie.<br>Zatem w obowi\u0105zku inwestora, b\u0105d\u017a kierownika budowy, le\u017cy dopilnowanie, aby geodezyjna inwentaryzacja zosta\u0142a przeprowadzona przed zasypaniem wszelakiej infrastruktury.<\/p>\n\n\n\n<figure class=\"wp-block-gallery has-nested-images columns-default is-cropped wp-block-gallery-1 is-layout-flex wp-block-gallery-is-layout-flex\">\n<figure class=\"wp-block-image size-large\"><img fetchpriority=\"high\" decoding=\"async\" width=\"1024\" height=\"576\" data-id=\"588\" src=\"http:\/\/geoar2.pl\/wp-content\/uploads\/2024\/02\/inwentaryzacja_v1-1024x576.png\" alt=\"\" class=\"wp-image-588\" srcset=\"https:\/\/geoar2.pl\/wp-content\/uploads\/2024\/02\/inwentaryzacja_v1-1024x576.png 1024w, https:\/\/geoar2.pl\/wp-content\/uploads\/2024\/02\/inwentaryzacja_v1-300x169.png 300w, https:\/\/geoar2.pl\/wp-content\/uploads\/2024\/02\/inwentaryzacja_v1-768x432.png 768w, https:\/\/geoar2.pl\/wp-content\/uploads\/2024\/02\/inwentaryzacja_v1-1536x864.png 1536w, https:\/\/geoar2.pl\/wp-content\/uploads\/2024\/02\/inwentaryzacja_v1.png 1920w\" sizes=\"(max-width: 1024px) 100vw, 1024px\" \/><\/figure>\n\n\n\n<figure class=\"wp-block-image size-large\"><img decoding=\"async\" width=\"1024\" height=\"576\" data-id=\"586\" src=\"http:\/\/geoar2.pl\/wp-content\/uploads\/2024\/02\/inwentaryzacja_v2-1024x576.png\" alt=\"\" class=\"wp-image-586\" srcset=\"https:\/\/geoar2.pl\/wp-content\/uploads\/2024\/02\/inwentaryzacja_v2-1024x576.png 1024w, https:\/\/geoar2.pl\/wp-content\/uploads\/2024\/02\/inwentaryzacja_v2-300x169.png 300w, https:\/\/geoar2.pl\/wp-content\/uploads\/2024\/02\/inwentaryzacja_v2-768x432.png 768w, https:\/\/geoar2.pl\/wp-content\/uploads\/2024\/02\/inwentaryzacja_v2-1536x864.png 1536w, https:\/\/geoar2.pl\/wp-content\/uploads\/2024\/02\/inwentaryzacja_v2.png 1920w\" sizes=\"(max-width: 1024px) 100vw, 1024px\" \/><\/figure>\n\n\n\n<figure class=\"wp-block-image size-large\"><img decoding=\"async\" width=\"1024\" height=\"576\" data-id=\"587\" src=\"http:\/\/geoar2.pl\/wp-content\/uploads\/2024\/02\/inwentaryzacja_v4-1-1024x576.png\" alt=\"\" class=\"wp-image-587\" srcset=\"https:\/\/geoar2.pl\/wp-content\/uploads\/2024\/02\/inwentaryzacja_v4-1-1024x576.png 1024w, https:\/\/geoar2.pl\/wp-content\/uploads\/2024\/02\/inwentaryzacja_v4-1-300x169.png 300w, https:\/\/geoar2.pl\/wp-content\/uploads\/2024\/02\/inwentaryzacja_v4-1-768x432.png 768w, https:\/\/geoar2.pl\/wp-content\/uploads\/2024\/02\/inwentaryzacja_v4-1-1536x864.png 1536w, https:\/\/geoar2.pl\/wp-content\/uploads\/2024\/02\/inwentaryzacja_v4-1.png 1920w\" sizes=\"(max-width: 1024px) 100vw, 1024px\" \/><\/figure>\n<\/figure>\n","protected":false},"excerpt":{"rendered":"<p>Ko\u0144cowym elementem procesu inwestycyjnego jest inwentaryzacja powykonawcza, kt\u00f3ra zgodnie z przepisami prawa, jest obowi\u0105zkowa dla wszystkich nowych czy zmodernizowanych obiekt\u00f3w budowlanych, niezale\u017cnie od tego, czy wymagaj\u0105 one pozwolenia na budow\u0119.W szczeg\u00f3lno\u015bci dotyczy to budynk\u00f3w oraz wszelkiej infrastruktury naziemnej i nadziemnej, a tak\u017ce sieci podziemnych instalacji, przy kt\u00f3rych k\u0142adziemy wyj\u0105tkow\u0105 uwag\u0119, gdy\u017c zgodnie z postanowieniami art. 43 pkt. 3 Prawa Budowlanego,&#8230;<\/p>\n","protected":false},"author":1,"featured_media":0,"parent":0,"menu_order":0,"comment_status":"closed","ping_status":"closed","template":"","meta":{"footnotes":""},"class_list":["post-539","page","type-page","status-publish","hentry"],"_links":{"self":[{"href":"https:\/\/geoar2.pl\/index.php?rest_route=\/wp\/v2\/pages\/539","targetHints":{"allow":["GET"]}}],"collection":[{"href":"https:\/\/geoar2.pl\/index.php?rest_route=\/wp\/v2\/pages"}],"about":[{"href":"https:\/\/geoar2.pl\/index.php?rest_route=\/wp\/v2\/types\/page"}],"author":[{"embeddable":true,"href":"https:\/\/geoar2.pl\/index.php?rest_route=\/wp\/v2\/users\/1"}],"replies":[{"embeddable":true,"href":"https:\/\/geoar2.pl\/index.php?rest_route=%2Fwp%2Fv2%2Fcomments&post=539"}],"version-history":[{"count":3,"href":"https:\/\/geoar2.pl\/index.php?rest_route=\/wp\/v2\/pages\/539\/revisions"}],"predecessor-version":[{"id":589,"href":"https:\/\/geoar2.pl\/index.php?rest_route=\/wp\/v2\/pages\/539\/revisions\/589"}],"wp:attachment":[{"href":"https:\/\/geoar2.pl\/index.php?rest_route=%2Fwp%2Fv2%2Fmedia&parent=539"}],"curies":[{"name":"wp","href":"https:\/\/api.w.org\/{rel}","templated":true}]}}