{"id":535,"date":"2024-02-02T12:07:00","date_gmt":"2024-02-02T12:07:00","guid":{"rendered":"https:\/\/geoar2.pl\/?page_id=535"},"modified":"2024-02-02T12:07:00","modified_gmt":"2024-02-02T12:07:00","slug":"wyznaczenie-obiektow-budowlanych-na-gruncie","status":"publish","type":"page","link":"https:\/\/geoar2.pl\/?page_id=535","title":{"rendered":"Wyznaczenie obiekt\u00f3w budowlanych na gruncie"},"content":{"rendered":"\n<p>Tyczenie obiekt\u00f3w budowlanych w procesie budowy, polega na fizycznym wyznaczeniu w terenie lub na istniej\u0105cych elementach infrastruktury miejsc, kt\u00f3re s\u0105 obj\u0119te projektem budowlanym.                  Wytyczane s\u0105 g\u0142\u00f3wne osie konstrukcyjne oraz inne charakterystyczne punkty wg. zapotrzebowania, jak r\u00f3wnie\u017c wytyczane s\u0105 przebiegi zaprojektowanych sieci podziemnego uzbrojenia terenu.<br>Podczas prac budowlanych, szczeg\u00f3lnie w przypadku projekt\u00f3w bardziej skomplikowanych, a zw\u0142aszcza du\u017cych, przeprowadzamy regularne pomiary kontrolne. Pozwalaj\u0105 one na osi\u0105gni\u0119cie najwy\u017cszej precyzji wykonania, co wp\u0142ywa na zachowanie geometrycznej sp\u00f3jno\u015bci budowanego obiektu.<\/p>\n\n\n\n<figure class=\"wp-block-image size-large\"><img fetchpriority=\"high\" decoding=\"async\" width=\"1024\" height=\"576\" src=\"http:\/\/geoar2.pl\/wp-content\/uploads\/2024\/02\/tyczenie_v2-1024x576.png\" alt=\"\" class=\"wp-image-537\" srcset=\"https:\/\/geoar2.pl\/wp-content\/uploads\/2024\/02\/tyczenie_v2-1024x576.png 1024w, https:\/\/geoar2.pl\/wp-content\/uploads\/2024\/02\/tyczenie_v2-300x169.png 300w, https:\/\/geoar2.pl\/wp-content\/uploads\/2024\/02\/tyczenie_v2-768x432.png 768w, https:\/\/geoar2.pl\/wp-content\/uploads\/2024\/02\/tyczenie_v2-1536x864.png 1536w, https:\/\/geoar2.pl\/wp-content\/uploads\/2024\/02\/tyczenie_v2.png 1920w\" sizes=\"(max-width: 1024px) 100vw, 1024px\" \/><\/figure>\n\n\n\n<figure class=\"wp-block-image size-large\"><img decoding=\"async\" width=\"1024\" height=\"576\" src=\"http:\/\/geoar2.pl\/wp-content\/uploads\/2024\/02\/tyczenie_v1-1024x576.png\" alt=\"\" class=\"wp-image-536\" srcset=\"https:\/\/geoar2.pl\/wp-content\/uploads\/2024\/02\/tyczenie_v1-1024x576.png 1024w, https:\/\/geoar2.pl\/wp-content\/uploads\/2024\/02\/tyczenie_v1-300x169.png 300w, https:\/\/geoar2.pl\/wp-content\/uploads\/2024\/02\/tyczenie_v1-768x432.png 768w, https:\/\/geoar2.pl\/wp-content\/uploads\/2024\/02\/tyczenie_v1-1536x864.png 1536w, https:\/\/geoar2.pl\/wp-content\/uploads\/2024\/02\/tyczenie_v1.png 1920w\" sizes=\"(max-width: 1024px) 100vw, 1024px\" \/><\/figure>\n","protected":false},"excerpt":{"rendered":"<p>Tyczenie obiekt\u00f3w budowlanych w procesie budowy, polega na fizycznym wyznaczeniu w terenie lub na istniej\u0105cych elementach infrastruktury miejsc, kt\u00f3re s\u0105 obj\u0119te projektem budowlanym. Wytyczane s\u0105 g\u0142\u00f3wne osie konstrukcyjne oraz inne charakterystyczne punkty wg. zapotrzebowania, jak r\u00f3wnie\u017c wytyczane s\u0105 przebiegi zaprojektowanych sieci podziemnego uzbrojenia terenu.Podczas prac budowlanych, szczeg\u00f3lnie w przypadku projekt\u00f3w bardziej skomplikowanych, a zw\u0142aszcza du\u017cych, przeprowadzamy regularne pomiary kontrolne. Pozwalaj\u0105&#8230;<\/p>\n","protected":false},"author":1,"featured_media":0,"parent":0,"menu_order":0,"comment_status":"closed","ping_status":"closed","template":"","meta":{"footnotes":""},"class_list":["post-535","page","type-page","status-publish","hentry"],"_links":{"self":[{"href":"https:\/\/geoar2.pl\/index.php?rest_route=\/wp\/v2\/pages\/535","targetHints":{"allow":["GET"]}}],"collection":[{"href":"https:\/\/geoar2.pl\/index.php?rest_route=\/wp\/v2\/pages"}],"about":[{"href":"https:\/\/geoar2.pl\/index.php?rest_route=\/wp\/v2\/types\/page"}],"author":[{"embeddable":true,"href":"https:\/\/geoar2.pl\/index.php?rest_route=\/wp\/v2\/users\/1"}],"replies":[{"embeddable":true,"href":"https:\/\/geoar2.pl\/index.php?rest_route=%2Fwp%2Fv2%2Fcomments&post=535"}],"version-history":[{"count":1,"href":"https:\/\/geoar2.pl\/index.php?rest_route=\/wp\/v2\/pages\/535\/revisions"}],"predecessor-version":[{"id":538,"href":"https:\/\/geoar2.pl\/index.php?rest_route=\/wp\/v2\/pages\/535\/revisions\/538"}],"wp:attachment":[{"href":"https:\/\/geoar2.pl\/index.php?rest_route=%2Fwp%2Fv2%2Fmedia&parent=535"}],"curies":[{"name":"wp","href":"https:\/\/api.w.org\/{rel}","templated":true}]}}