{"id":531,"date":"2024-02-02T11:51:00","date_gmt":"2024-02-02T11:51:00","guid":{"rendered":"https:\/\/geoar2.pl\/?page_id=531"},"modified":"2024-02-02T11:52:33","modified_gmt":"2024-02-02T11:52:33","slug":"mapy-do-celow-projektowych","status":"publish","type":"page","link":"https:\/\/geoar2.pl\/?page_id=531","title":{"rendered":"Mapy do cel\u00f3w projektowych"},"content":{"rendered":"\n<p>Mapa do cel\u00f3w projektowych stanowi nieod\u0142\u0105czny element dokumentacji, niezb\u0119dny przy tworzeniu, budowie czy te\u017c modernizacji obiekt\u00f3w budowlanych. Jest pierwsz\u0105 czynno\u015bci\u0105 geodezyjn\u0105, kt\u00f3ra wchodzi w sk\u0142ad procesu budowlanego.<br>Koszt wykonania mapy uzale\u017cniony jest od kilku czynnik\u00f3w, m.in. od:<\/p>\n\n\n\n<ul class=\"wp-block-list\">\n<li>wielko\u015bci obszaru opracowania,<\/li>\n\n\n\n<li>rodzaju planowanej inwestycji,<\/li>\n\n\n\n<li>aktualno\u015bci zbior\u00f3w danych PZGiK, a w zwi\u0105zku z tym, wykonania wizji terenowej oraz dokonania czynno\u015bci pomiarowych,<\/li>\n\n\n\n<li>wyst\u0105pienia konieczno\u015bci przeprowadzenia kontroli przebiegu granic nieruchomo\u015bci.<\/li>\n<\/ul>\n\n\n\n<figure class=\"wp-block-image size-full\"><img fetchpriority=\"high\" decoding=\"async\" width=\"1920\" height=\"1080\" src=\"http:\/\/geoar2.pl\/wp-content\/uploads\/2024\/01\/mapa_dc_proj_2.png\" alt=\"\" class=\"wp-image-525\" srcset=\"https:\/\/geoar2.pl\/wp-content\/uploads\/2024\/01\/mapa_dc_proj_2.png 1920w, https:\/\/geoar2.pl\/wp-content\/uploads\/2024\/01\/mapa_dc_proj_2-300x169.png 300w, https:\/\/geoar2.pl\/wp-content\/uploads\/2024\/01\/mapa_dc_proj_2-1024x576.png 1024w, https:\/\/geoar2.pl\/wp-content\/uploads\/2024\/01\/mapa_dc_proj_2-768x432.png 768w, https:\/\/geoar2.pl\/wp-content\/uploads\/2024\/01\/mapa_dc_proj_2-1536x864.png 1536w\" sizes=\"(max-width: 1920px) 100vw, 1920px\" \/><\/figure>\n","protected":false},"excerpt":{"rendered":"<p>Mapa do cel\u00f3w projektowych stanowi nieod\u0142\u0105czny element dokumentacji, niezb\u0119dny przy tworzeniu, budowie czy te\u017c modernizacji obiekt\u00f3w budowlanych. Jest pierwsz\u0105 czynno\u015bci\u0105 geodezyjn\u0105, kt\u00f3ra wchodzi w sk\u0142ad procesu budowlanego.Koszt wykonania mapy uzale\u017cniony jest od kilku czynnik\u00f3w, m.in. od:<\/p>\n","protected":false},"author":1,"featured_media":0,"parent":0,"menu_order":0,"comment_status":"closed","ping_status":"closed","template":"","meta":{"footnotes":""},"class_list":["post-531","page","type-page","status-publish","hentry"],"_links":{"self":[{"href":"https:\/\/geoar2.pl\/index.php?rest_route=\/wp\/v2\/pages\/531","targetHints":{"allow":["GET"]}}],"collection":[{"href":"https:\/\/geoar2.pl\/index.php?rest_route=\/wp\/v2\/pages"}],"about":[{"href":"https:\/\/geoar2.pl\/index.php?rest_route=\/wp\/v2\/types\/page"}],"author":[{"embeddable":true,"href":"https:\/\/geoar2.pl\/index.php?rest_route=\/wp\/v2\/users\/1"}],"replies":[{"embeddable":true,"href":"https:\/\/geoar2.pl\/index.php?rest_route=%2Fwp%2Fv2%2Fcomments&post=531"}],"version-history":[{"count":3,"href":"https:\/\/geoar2.pl\/index.php?rest_route=\/wp\/v2\/pages\/531\/revisions"}],"predecessor-version":[{"id":534,"href":"https:\/\/geoar2.pl\/index.php?rest_route=\/wp\/v2\/pages\/531\/revisions\/534"}],"wp:attachment":[{"href":"https:\/\/geoar2.pl\/index.php?rest_route=%2Fwp%2Fv2%2Fmedia&parent=531"}],"curies":[{"name":"wp","href":"https:\/\/api.w.org\/{rel}","templated":true}]}}