{"id":318,"date":"2023-09-04T17:40:56","date_gmt":"2023-09-04T17:40:56","guid":{"rendered":"https:\/\/geoar2.pl\/?page_id=318"},"modified":"2023-09-04T18:16:09","modified_gmt":"2023-09-04T18:16:09","slug":"kontakt","status":"publish","type":"page","link":"https:\/\/geoar2.pl\/?page_id=318","title":{"rendered":"KONTAKT"},"content":{"rendered":"\t\t<div data-elementor-type=\"wp-page\" data-elementor-id=\"318\" class=\"elementor elementor-318\">\n\t\t\t\t\t\t<section class=\"elementor-section elementor-top-section elementor-element elementor-element-690f2e4 elementor-section-boxed elementor-section-height-default elementor-section-height-default\" data-id=\"690f2e4\" data-element_type=\"section\">\n\t\t\t\t\t\t<div class=\"elementor-container elementor-column-gap-default\">\n\t\t\t\t\t<div class=\"elementor-column elementor-col-100 elementor-top-column elementor-element elementor-element-ffe8947\" data-id=\"ffe8947\" data-element_type=\"column\">\n\t\t\t<div class=\"elementor-widget-wrap elementor-element-populated\">\n\t\t\t\t\t\t<div class=\"elementor-element elementor-element-bbbfc0f elementor-widget elementor-widget-wpforms\" data-id=\"bbbfc0f\" data-element_type=\"widget\" data-widget_type=\"wpforms.default\">\n\t\t\t\t<div class=\"elementor-widget-container\">\n\t\t\t\t\t<div class=\"wpforms-container wpforms-container-full wpforms-render-modern\" id=\"wpforms-191\"><form id=\"wpforms-form-191\" class=\"wpforms-validate wpforms-form wpforms-ajax-form\" data-formid=\"191\" method=\"post\" enctype=\"multipart\/form-data\" action=\"\/index.php?rest_route=%2Fwp%2Fv2%2Fpages%2F318\" data-token=\"c3811e071fe1d20e7ba6e2c966c85209\" data-token-time=\"1775676318\"><noscript class=\"wpforms-error-noscript\">Aby wype\u0142ni\u0107 ten formularz, w\u0142\u0105cz obs\u0142ug\u0119 JavaScript w przegl\u0105darce.<\/noscript><div id=\"wpforms-error-noscript\" style=\"display: none;\">Aby wype\u0142ni\u0107 ten formularz, w\u0142\u0105cz obs\u0142ug\u0119 JavaScript w przegl\u0105darce.<\/div><div class=\"wpforms-field-container\"><div id=\"wpforms-191-field_0-container\" class=\"wpforms-field wpforms-field-name\" data-field-id=\"0\"><fieldset><legend class=\"wpforms-field-label\">Imi\u0119 i nazwisko <span class=\"wpforms-required-label\" aria-hidden=\"true\">*<\/span><\/legend><div class=\"wpforms-field-row wpforms-field-small\"><div class=\"wpforms-field-row-block wpforms-first wpforms-one-half\"><input type=\"text\" id=\"wpforms-191-field_0\" class=\"wpforms-field-name-first wpforms-field-required\" name=\"wpforms[fields][0][first]\" aria-errormessage=\"wpforms-191-field_0-error\" required><label for=\"wpforms-191-field_0\" class=\"wpforms-field-sublabel after\">Pierwszy<\/label><\/div><div class=\"wpforms-field-row-block wpforms-one-half\"><input type=\"text\" id=\"wpforms-191-field_0-last\" class=\"wpforms-field-name-last wpforms-field-required\" name=\"wpforms[fields][0][last]\" aria-errormessage=\"wpforms-191-field_0-last-error\" required><label for=\"wpforms-191-field_0-last\" class=\"wpforms-field-sublabel after\">Ostatni<\/label><\/div><\/div><\/fieldset><\/div><div id=\"wpforms-191-field_1-container\" class=\"wpforms-field wpforms-field-email\" data-field-id=\"1\"><label class=\"wpforms-field-label\" for=\"wpforms-191-field_1\">E-mail <span class=\"wpforms-required-label\" aria-hidden=\"true\">*<\/span><\/label><input type=\"email\" id=\"wpforms-191-field_1\" class=\"wpforms-field-small wpforms-field-required\" name=\"wpforms[fields][1]\" spellcheck=\"false\" aria-errormessage=\"wpforms-191-field_1-error\" required><\/div><div id=\"wpforms-191-field_3-container\" class=\"wpforms-field wpforms-field-select wpforms-field-select-style-modern\" data-field-id=\"3\"><label class=\"wpforms-field-label\" for=\"wpforms-191-field_3\">Wybierz temat  <span class=\"wpforms-required-label\" aria-hidden=\"true\">*<\/span><\/label><select id=\"wpforms-191-field_3\" class=\"wpforms-field-small wpforms-field-required choicesjs-select\" data-size-class=\"wpforms-field-row wpforms-field-small\" data-search-enabled=\"1\" name=\"wpforms[fields][3]\" required=\"required\"><option value=\"\" class=\"placeholder\" disabled  selected='selected'><\/option><option value=\"MAPY DO CEL\u00d3W PROJEKTOWYCH\"  class=\"choice-1 depth-1\"  >MAPY DO CEL\u00d3W PROJEKTOWYCH<\/option><option value=\"GEODEZYJNA INWENTARYZACJA POWYKONAWCZA OBIEKT\u00d3W BUDOWLANYCH\"  class=\"choice-2 depth-1\"  >GEODEZYJNA INWENTARYZACJA POWYKONAWCZA OBIEKT\u00d3W BUDOWLANYCH<\/option><option value=\"WYNACZENIE OBIEKT\u00d3W BUDOWLANYCH NA GRUNCIE\"  class=\"choice-3 depth-1\"  >WYNACZENIE OBIEKT\u00d3W BUDOWLANYCH NA GRUNCIE<\/option><option value=\"PODZIA\u0141 NIERUCHOMO\u015aCI\"  class=\"choice-4 depth-1\"  >PODZIA\u0141 NIERUCHOMO\u015aCI<\/option><option value=\"GEODEZYJNA OBS\u0141UGA INWESTYCJI LUB BUDOWY\"  class=\"choice-5 depth-1\"  >GEODEZYJNA OBS\u0141UGA INWESTYCJI LUB BUDOWY<\/option><option value=\"SKANING 3D\"  class=\"choice-6 depth-1\"  >SKANING 3D<\/option><option value=\"ODSZUKANIE\/WZNOWIENIE ZNAK\u00d3W GRANICZNYCH\"  class=\"choice-7 depth-1\"  >ODSZUKANIE\/WZNOWIENIE ZNAK\u00d3W GRANICZNYCH<\/option><option value=\"WYZNACZENIE NOWYCH PUNKT\u00d3W GRANICZNYCH\"  class=\"choice-8 depth-1\"  >WYZNACZENIE NOWYCH PUNKT\u00d3W GRANICZNYCH<\/option><option value=\"GEODEZJA IN\u017bYNIERYJNA\"  class=\"choice-9 depth-1\"  >GEODEZJA IN\u017bYNIERYJNA<\/option><\/select><\/div><div id=\"wpforms-191-field_2-container\" class=\"wpforms-field wpforms-field-textarea\" data-field-id=\"2\"><label class=\"wpforms-field-label\" for=\"wpforms-191-field_2\">Wiadomo\u015b\u0107<\/label><textarea id=\"wpforms-191-field_2\" class=\"wpforms-field-small\" name=\"wpforms[fields][2]\" aria-errormessage=\"wpforms-191-field_2-error\" ><\/textarea><\/div><div id=\"wpforms-191-field_4-container\" class=\"wpforms-field wpforms-field-gdpr-checkbox\" data-field-id=\"4\"><label class=\"wpforms-field-label\">Zgoda RODO <span class=\"wpforms-required-label\" aria-hidden=\"true\">*<\/span><\/label><ul id=\"wpforms-191-field_4\" class=\"wpforms-field-required\"><li class=\"choice-1\"><input type=\"checkbox\" id=\"wpforms-191-field_4_1\" name=\"wpforms[fields][4][]\" value=\"Zgadzam si\u0119 na przechowywanie przes\u0142anych przeze mnie informacji w tej witrynie internetowej do cel\u00f3w udzielenia odpowiedzi na moje zapytanie.\" aria-errormessage=\"wpforms-191-field_4_1-error\" required ><label class=\"wpforms-field-label-inline\" for=\"wpforms-191-field_4_1\">Zgadzam si\u0119 na przechowywanie przes\u0142anych przeze mnie informacji w tej witrynie internetowej do cel\u00f3w udzielenia odpowiedzi na moje zapytanie.<\/label><\/li><\/ul><\/div><\/div><!-- .wpforms-field-container --><div class=\"wpforms-submit-container\" ><input type=\"hidden\" name=\"wpforms[id]\" value=\"191\"><input type=\"hidden\" name=\"page_title\" value=\"\"><input type=\"hidden\" name=\"page_url\" value=\"https:\/\/geoar2.pl\/index.php?rest_route=\/wp\/v2\/pages\/318\"><input type=\"hidden\" name=\"url_referer\" value=\"\"><button type=\"submit\" name=\"wpforms[submit]\" id=\"wpforms-submit-191\" class=\"wpforms-submit\" data-alt-text=\"Wysy\u0142anie...\" data-submit-text=\"Prze\u015blij\" aria-live=\"assertive\" value=\"wpforms-submit\">Prze\u015blij<\/button><img decoding=\"async\" src=\"https:\/\/geoar2.pl\/wp-content\/plugins\/wpforms-lite\/assets\/images\/submit-spin.svg\" class=\"wpforms-submit-spinner\" style=\"display: none;\" width=\"26\" height=\"26\" alt=\"Wczytywanie\"><\/div><\/form><\/div>  <!-- .wpforms-container -->\t\t\t\t<\/div>\n\t\t\t\t<\/div>\n\t\t\t\t\t<\/div>\n\t\t<\/div>\n\t\t\t\t\t<\/div>\n\t\t<\/section>\n\t\t\t\t<\/div>\n\t\t","protected":false},"excerpt":{"rendered":"<p>Aby wype\u0142ni\u0107 ten formularz, w\u0142\u0105cz obs\u0142ug\u0119 JavaScript w przegl\u0105darce.Aby wype\u0142ni\u0107 ten formularz, w\u0142\u0105cz obs\u0142ug\u0119 JavaScript w przegl\u0105darce. Imi\u0119 i nazwisko * Imi\u0119Nazwisko E-mail *Wybierz temat *MAPY DO CEL\u00d3W PROJEKTOWYCHMAPY DO CEL\u00d3W PROJEKTOWYCHGEODEZYJNA INWENTARYZACJA POWYKONAWCZA OBIEKT\u00d3W BUDOWLANYCHWYNACZENIE OBIEKT\u00d3W BUDOWLANYCH NA GRUNCIEPODZIA\u0141 NIERUCHOMO\u015aCIGEODEZYJNA OBS\u0141UGA INWESTYCJI LUB BUDOWYSKANING 3DODSZUKANIE\/WZNOWIENIE ZNAK\u00d3W GRANICZNYCHWYZNACZENIE NOWYCH PUNKT\u00d3W GRANICZNYCHGEODEZJA IN\u017bYNIERYJNAWiadomo\u015b\u0107 Prze\u015blij<\/p>\n","protected":false},"author":1,"featured_media":0,"parent":0,"menu_order":0,"comment_status":"closed","ping_status":"closed","template":"","meta":{"footnotes":""},"class_list":["post-318","page","type-page","status-publish","hentry"],"_links":{"self":[{"href":"https:\/\/geoar2.pl\/index.php?rest_route=\/wp\/v2\/pages\/318","targetHints":{"allow":["GET"]}}],"collection":[{"href":"https:\/\/geoar2.pl\/index.php?rest_route=\/wp\/v2\/pages"}],"about":[{"href":"https:\/\/geoar2.pl\/index.php?rest_route=\/wp\/v2\/types\/page"}],"author":[{"embeddable":true,"href":"https:\/\/geoar2.pl\/index.php?rest_route=\/wp\/v2\/users\/1"}],"replies":[{"embeddable":true,"href":"https:\/\/geoar2.pl\/index.php?rest_route=%2Fwp%2Fv2%2Fcomments&post=318"}],"version-history":[{"count":5,"href":"https:\/\/geoar2.pl\/index.php?rest_route=\/wp\/v2\/pages\/318\/revisions"}],"predecessor-version":[{"id":340,"href":"https:\/\/geoar2.pl\/index.php?rest_route=\/wp\/v2\/pages\/318\/revisions\/340"}],"wp:attachment":[{"href":"https:\/\/geoar2.pl\/index.php?rest_route=%2Fwp%2Fv2%2Fmedia&parent=318"}],"curies":[{"name":"wp","href":"https:\/\/api.w.org\/{rel}","templated":true}]}}